{"id":970,"date":"2026-04-17T12:19:30","date_gmt":"2026-04-17T10:19:30","guid":{"rendered":"https:\/\/constructionsummit.de\/booking\/?post_type=product&#038;p=970"},"modified":"2026-04-17T15:06:46","modified_gmt":"2026-04-17T13:06:46","slug":"ihr-betrag-auf-einer-seite","status":"publish","type":"product","link":"https:\/\/constructionsummit.de\/booking\/shop\/ihr-betrag-auf-einer-seite\/","title":{"rendered":"Eure Expertise im Fokus &#8211; euer Beitrag"},"content":{"rendered":"<p data-start=\"0\" data-end=\"105\"><strong>Gesponserter Beitrag im fachlichen Teil des Construction Summit Update Magazins \u2013 eure Expertise im Fokus<\/strong><\/p>\n<p data-start=\"107\" data-end=\"339\">Positioniert euch mit einem redaktionell aufbereiteten Beitrag im Fachteil des Construction Summit Update Magazins als Experte f\u00fcr Innovationen und Technologien der Branche \u2013 zielgerichtet und mit hoher Relevanz f\u00fcr Fachentscheider.<\/p>\n<p data-start=\"341\" data-end=\"530\"><strong data-start=\"341\" data-end=\"354\">Leistung:<\/strong><br data-start=\"354\" data-end=\"357\" \/>1-seitiger Artikel auf Basis eurer Inhalte, inkl. redaktioneller Pr\u00fcfung, leichter \u00dcberarbeitung und Gestaltung im Magazin.<br data-start=\"480\" data-end=\"483\" \/>Optional auch <strong data-start=\"497\" data-end=\"521\">2 Seiten f\u00fcr 4.240 \u20ac<\/strong> m\u00f6glich.<\/p>\n<p data-start=\"532\" data-end=\"606\"><strong data-start=\"532\" data-end=\"543\">Umfang:<\/strong><br data-start=\"543\" data-end=\"546\" \/>ca. 2.500 \u2013 3.500 Zeichen pro Seite<br data-start=\"581\" data-end=\"584\" \/>1\u20132 Bilder pro Seite<\/p>\n<p data-start=\"608\" data-end=\"728\"><strong data-start=\"608\" data-end=\"622\">Inklusive:<\/strong><br data-start=\"622\" data-end=\"625\" \/>Strukturierung, Anpassung an den Magazin-Stil, Layout, Bild- &amp; Logo-Integration sowie Druckoptimierung.<\/p>\n<p data-start=\"730\" data-end=\"785\"><strong data-start=\"730\" data-end=\"751\">Ver\u00f6ffentlichung:<\/strong> Februar 2027<br data-start=\"764\" data-end=\"767\" \/><strong data-start=\"767\" data-end=\"779\">Auflage:<\/strong> 5.000<\/p>\n<p data-start=\"787\" data-end=\"930\">Inhalte werden von euch gestellt. Redaktionelle \u00dcberarbeitung erfolgt ohne vollst\u00e4ndige Texterstellung. Ver\u00f6ffentlichung nach finaler Freigabe.<\/p>\n<p data-start=\"932\" data-end=\"1027\" data-is-last-node=\"\" data-is-only-node=\"\">Platziert eure Themen im relevanten Umfeld und erreicht eure Zielgruppe mit fundiertem Content.<\/p>\n","protected":false},"excerpt":{"rendered":"<p>Gesponserter Beitrag im fachlichen Teil des Construction Summit Update Magazins \u2013 eure Expertise im Fokus Positioniert euch mit einem redaktionell aufbereiteten Beitrag im Fachteil des Construction Summit Update Magazins als Experte f\u00fcr Innovationen und Technologien der Branche \u2013 zielgerichtet und mit hoher Relevanz f\u00fcr Fachentscheider. Leistung:1-seitiger Artikel auf Basis eurer Inhalte, inkl. redaktioneller Pr\u00fcfung, leichter&hellip; <a class=\"more-link\" href=\"https:\/\/constructionsummit.de\/booking\/shop\/ihr-betrag-auf-einer-seite\/\"><span class=\"screen-reader-text\">Eure Expertise im Fokus &#8211; euer Beitrag<\/span> weiterlesen<\/a><\/p>\n","protected":false},"featured_media":0,"comment_status":"open","ping_status":"closed","template":"","meta":[],"product_brand":[],"product_cat":[43],"product_tag":[],"class_list":{"0":"post-970","1":"product","2":"type-product","3":"status-publish","5":"product_cat-construction-update-magazine","6":"entry","8":"first","9":"instock","10":"sold-individually","11":"taxable","12":"shipping-taxable","13":"purchasable","14":"product-type-simple"},"_links":{"self":[{"href":"https:\/\/constructionsummit.de\/booking\/wp-json\/wp\/v2\/product\/970","targetHints":{"allow":["GET"]}}],"collection":[{"href":"https:\/\/constructionsummit.de\/booking\/wp-json\/wp\/v2\/product"}],"about":[{"href":"https:\/\/constructionsummit.de\/booking\/wp-json\/wp\/v2\/types\/product"}],"replies":[{"embeddable":true,"href":"https:\/\/constructionsummit.de\/booking\/wp-json\/wp\/v2\/comments?post=970"}],"wp:attachment":[{"href":"https:\/\/constructionsummit.de\/booking\/wp-json\/wp\/v2\/media?parent=970"}],"wp:term":[{"taxonomy":"product_brand","embeddable":true,"href":"https:\/\/constructionsummit.de\/booking\/wp-json\/wp\/v2\/product_brand?post=970"},{"taxonomy":"product_cat","embeddable":true,"href":"https:\/\/constructionsummit.de\/booking\/wp-json\/wp\/v2\/product_cat?post=970"},{"taxonomy":"product_tag","embeddable":true,"href":"https:\/\/constructionsummit.de\/booking\/wp-json\/wp\/v2\/product_tag?post=970"}],"curies":[{"name":"wp","href":"https:\/\/api.w.org\/{rel}","templated":true}]}}