{"id":921,"date":"2025-09-19T08:11:47","date_gmt":"2025-09-19T06:11:47","guid":{"rendered":"https:\/\/constructionsummit.de\/booking\/?post_type=product&#038;p=921"},"modified":"2025-09-19T08:12:27","modified_gmt":"2025-09-19T06:12:27","slug":"candy-bar","status":"publish","type":"product","link":"https:\/\/constructionsummit.de\/booking\/shop\/candy-bar\/","title":{"rendered":"Candy Bar"},"content":{"rendered":"<p data-start=\"49\" data-end=\"109\"><strong data-start=\"49\" data-end=\"107\">Candy Bar auf dem Summit \u2013 S\u00fc\u00dfer Genuss, gro\u00dfe Wirkung<\/strong><\/p>\n<p data-start=\"111\" data-end=\"373\">Verw\u00f6hnt eure Besucher mit einer bunten Auswahl an S\u00fc\u00dfigkeiten und schafft fr\u00f6hliche Begegnungen direkt an eurem Stand! Die Candy Bar wird nahtlos in euren Summit-Auftritt integriert und zieht mit ihrer farbenfrohen Vielfalt garantiert Aufmerksamkeit auf sich.<\/p>\n<p data-start=\"375\" data-end=\"570\">Inklusive:\u00a0<strong>Fl\u00e4che (+6 m\u00b2 zum Basispaket), Equipment, individuelles Branding, Personal \u2013 und 650 Portionen f\u00fcr zwei Tage.<\/strong><br data-start=\"499\" data-end=\"502\" \/>Mehr S\u00fc\u00dfes gew\u00fcnscht? 100 zus\u00e4tzliche Portionen f\u00fcr 675 \u20ac buchbar.<\/p>\n<p data-start=\"572\" data-end=\"633\">Jetzt mit s\u00fc\u00dfem Highlight und starker Pr\u00e4senz durchstarten!<\/p>\n","protected":false},"excerpt":{"rendered":"<p>Candy Bar auf dem Summit \u2013 S\u00fc\u00dfer Genuss, gro\u00dfe Wirkung Verw\u00f6hnt eure Besucher mit einer bunten Auswahl an S\u00fc\u00dfigkeiten und schafft fr\u00f6hliche Begegnungen direkt an eurem Stand! Die Candy Bar wird nahtlos in euren Summit-Auftritt integriert und zieht mit ihrer farbenfrohen Vielfalt garantiert Aufmerksamkeit auf sich. Inklusive:\u00a0Fl\u00e4che (+6 m\u00b2 zum Basispaket), Equipment, individuelles Branding, Personal&hellip; <a class=\"more-link\" href=\"https:\/\/constructionsummit.de\/booking\/shop\/candy-bar\/\"><span class=\"screen-reader-text\">Candy Bar<\/span> weiterlesen<\/a><\/p>\n","protected":false},"featured_media":0,"comment_status":"open","ping_status":"closed","template":"","meta":[],"product_brand":[],"product_cat":[39],"product_tag":[],"class_list":{"0":"post-921","1":"product","2":"type-product","3":"status-publish","5":"product_cat-lead-magnets","6":"entry","8":"first","9":"instock","10":"sold-individually","11":"taxable","12":"shipping-taxable","13":"purchasable","14":"product-type-simple"},"_links":{"self":[{"href":"https:\/\/constructionsummit.de\/booking\/wp-json\/wp\/v2\/product\/921","targetHints":{"allow":["GET"]}}],"collection":[{"href":"https:\/\/constructionsummit.de\/booking\/wp-json\/wp\/v2\/product"}],"about":[{"href":"https:\/\/constructionsummit.de\/booking\/wp-json\/wp\/v2\/types\/product"}],"replies":[{"embeddable":true,"href":"https:\/\/constructionsummit.de\/booking\/wp-json\/wp\/v2\/comments?post=921"}],"wp:attachment":[{"href":"https:\/\/constructionsummit.de\/booking\/wp-json\/wp\/v2\/media?parent=921"}],"wp:term":[{"taxonomy":"product_brand","embeddable":true,"href":"https:\/\/constructionsummit.de\/booking\/wp-json\/wp\/v2\/product_brand?post=921"},{"taxonomy":"product_cat","embeddable":true,"href":"https:\/\/constructionsummit.de\/booking\/wp-json\/wp\/v2\/product_cat?post=921"},{"taxonomy":"product_tag","embeddable":true,"href":"https:\/\/constructionsummit.de\/booking\/wp-json\/wp\/v2\/product_tag?post=921"}],"curies":[{"name":"wp","href":"https:\/\/api.w.org\/{rel}","templated":true}]}}